{"id":12,"date":"2022-06-28T06:27:13","date_gmt":"2022-06-28T06:27:13","guid":{"rendered":"https:\/\/wainzworld.cyberoptik.co\/?page_id=12"},"modified":"2022-08-16T20:13:46","modified_gmt":"2022-08-16T20:13:46","slug":"home","status":"publish","type":"page","link":"https:\/\/wainzworld.com\/es\/","title":{"rendered":"Inicio"},"content":{"rendered":"\n<h1>\n\t\tBookkeeping solutions for small businesses &#038; independent contractors\n\t<\/h1>\n\t<blockquote><p>&#8220;Wainz world is the most amazing bookkeeping service ever. Jen and her team go above and beyond to make sure things are done correctly and have been livesavers during tough times. I would recommend Wainz World to anyone with a small biz who is looking for the best service.&#8221;<\/p>\n<p><strong>-Beth Bishop, CEO &#8211; The Phoenix Effect<\/strong><\/p><\/blockquote>\n<p>&nbsp;<\/p>\n\t<a target=\"_blank\" id=\"bbblink\" href=\"https:\/\/www.bbb.org\/us\/ca\/culver-city\/profile\/bookkeeping-services\/wainz-world-llc-1216-1425230#bbbseal\" title=\"Wainz World LLC, Bookkeeping Services, Culver City, CA\" rel=\"noopener\"><img id=\"bbblinkimg\" src=https:\/\/seal-sanjose.bbb.org\/logo\/sehzbam\/wainz-world-1425230.png width=\"300\" height=\"57\" alt=\"Wainz World LLC, Bookkeeping Services, Culver City, CA\" \/><\/a>\n\t\t\t<a href=\"https:\/\/wainzworld.com\/contact-us\/\" role=\"button\" target=\"_self\" onclick=\"\" rel=\"noopener\">\n\t\t\t\t\t\t\t\t\t\t\t\t\t\t\t\t\t\t\t\t\t\tGet Started\n\t\t\t\t\t\t\t<\/a>\n\t\t\t<a href=\"https:\/\/wainzworld.com\/services\/\" role=\"button\" target=\"_self\" onclick=\"\" rel=\"noopener\">\n\t\t\t\t\t\t\t\t\t\t\t\t\t\t\t\t\t\t\t\t\t\tLearn More\n\t\t\t\t\t\t\t<\/a>\n<lottie-player src=\"https:\/\/assets8.lottiefiles.com\/packages\/lf20_fzb3fhtn.json\"  background=\"transparent\"  speed=\"1\"    autoplay loop><\/lottie-player> \n<h2>\n\t\tWe offer a range of services for your business to thrive\n\t<\/h2>\n\t\t\t\t<img loading=\"lazy\" decoding=\"async\" src=\"https:\/\/wainzworld.com\/wp-content\/uploads\/2022\/08\/001-bookkeeping-1.png\" alt=\"001-bookkeeping\" itemprop=\"image\" height=\"128\" width=\"128\" title=\"001-bookkeeping\" onerror=\"this.style.display='none'\"  \/>\n\t\t<h3>\n\t\t\tBookkeeping\n\t\t<\/h3>\n\t\t\t\t<img loading=\"lazy\" decoding=\"async\" src=\"https:\/\/wainzworld.com\/wp-content\/uploads\/2022\/08\/002-growth-1.png\" alt=\"002-growth\" itemprop=\"image\" height=\"256\" width=\"256\" title=\"002-growth\" onerror=\"this.style.display='none'\"  \/>\n\t\t<h3>\n\t\t\tBusiness Services\n\t\t<\/h3>\n\t\t\t\t<img loading=\"lazy\" decoding=\"async\" src=\"https:\/\/wainzworld.com\/wp-content\/uploads\/2022\/08\/003-test-1.png\" alt=\"003-test\" itemprop=\"image\" height=\"128\" width=\"128\" title=\"003-test\" onerror=\"this.style.display='none'\"  \/>\n\t\t<h3>\n\t\t\tProject Management\n\t\t<\/h3>\n<h2>\n\t\tOur Approach\n\t<\/h2>\n\t<p>Are you ready to take off the pressure of managing your own financial records? Is your business growing so fast that you need help getting to the next level?<\/p>\n<p>Wainz World is here help you find a better way. Our approach is to provide assistance and information in a high-touch, low-pressure way, to help YOU do your best in business.<\/p>\n\t\t\t\t<img loading=\"lazy\" decoding=\"async\" src=\"https:\/\/wainzworld.com\/wp-content\/uploads\/2022\/08\/Cool-Kids-Pitch-Meeting.svg\" alt=\"Cool Kids - Pitch Meeting\" itemprop=\"image\" height=\"1329\" width=\"2294\" title=\"Cool Kids - Pitch Meeting\" onerror=\"this.style.display='none'\"  \/>\n\t\t\t\t<img loading=\"lazy\" decoding=\"async\" src=\"https:\/\/wainzworld.com\/wp-content\/uploads\/2022\/06\/Amigos-Standing-1.png\" alt=\"Amigos - Standing (1)\" itemprop=\"image\" height=\"2500\" width=\"2144\" title=\"Amigos - Standing (1)\" onerror=\"this.style.display='none'\"  \/>\n<h2>\n\t\tWe meet you where you are!\n\t<\/h2>\n\t<p>All of our clients are in different places in their business. We meet you where you are and help you get to the next milestone with ease.<\/p>\n\t<blockquote><p>&#8220;Jen and everyone at Wainz World are great!\u00a0 I&#8217;m not the most business savvy or organized person and Jen has been great at answering my dumb questions and keeping my books in great shape which makes tax preparation so much easier and faster.\u00a0 I highly recommend them.&#8221;<\/p>\n<p><strong>-N. Keith Ashburn, M.D.<\/strong><\/p><\/blockquote>\n<h2>\n\t\tReady to get started?\n\t<\/h2>\n\tTake control of your Business finances.<br \/>\nUse Wainz World to make your business better!\n\t<a href=\"https:\/\/wainzworld.com\/contact-us\/\" target=\"_self\" role=\"button\" aria-label=\"Get Started\" rel=\"noopener\">\n\t\t\t\t\t\tGet Started\n\t\t\t\t\t<\/a>\n<h2>\n\t\tOur Amazing Clients\n\t<\/h2>\n\t\t\t\t\t\t\t\t\t\t\t\t\t\t\t\t\t\t\t<p>&#8220;Jen has expertly guided my company with many essential business services such as bookkeeping, employee tax forms (W9, 1099), payroll integration, client invoicing, accounts payable and other financial services that one would expect from a large business consulting firm. In addition to being personable, proficient, and patient, she is highly knowledgeable and responsive to numerous challenges that face every small business from organizing expenses to financial growth strategies. Jen is a key trusted advisor as my business grows and she has thoroughly exceeded all my expectations.&#8221;<\/p>\n\t\t\t\t\t\t\t\t\t\t\t\t\t\t\t\t\t<p>Andrea Poe <\/p>\n\t\t\t\t\t\t\t\t\t\t\t\t\t\t\t\t\t\t\t\t\t\t\t\t\t<h4>Owner &#8211; TasteMakers Research Group<\/h4>\n\t\t\t\t\t\t\t\t\t\t\t\t\t\t\t\t\t\t\t<p>&#8220;Jen Wainz and Wainz World give me piece of mind. I don&#8217;t worry about my books being behind or wrong. And the seamless coordination with my accountant is priceless. I highly recommend Jen Wainz and Wainz World.&#8221;<\/p>\n\t\t\t\t\t\t\t\t\t\t\t\t\t\t\t\t\t<p>Randy Greenberg<\/p>\n\t\t\t\t\t\t\t\t\t\t\t\t\t\t\t\t\t\t\t\t\t\t\t\t\t<h4>CEO, Hyype Space, LLC<\/h4>\n\t\t\t\t\t\t\t\t\t\t\t\t\t\t\t\t\t\t\t<p>&#8220;Effective,\u00a0\u00a0efficient and thorough are just a few of the words that describe Jen and her team at Wainz world. They are responsive, supportive and offer clear and concise advice. They bring balance to both the books and our minds. I highly recommend Jen and her team. You will be taken care of and accounted for by Wainz World.&#8221;\u00a0<\/p>\n\t\t\t\t\t\t\t\t\t\t\t\t\t\t\t\t\t<p>John Vosler<\/p>\n\t\t\t\t\t\t\t\t\t\t\t\t\t\t\t\t\t\t\t\t\t\t\t\t\t<h4>johnvosler.com<\/h4>\n\t\t\t\t\t\t\t\t\t\t\t\t\t\t\t\t\t\t\t<p>&#8220;Being a small\u00a0business owner is not easy, especially when you don&#8217;t have the right team on your side. One of the best decisions I made was hiring Wainz World for all my bookkeeping needs.\u00a0 Jenifer and her crew are always\u00a0accessible\u00a0for any random questions or problems I might have. They are always responsive and knowledgeable but most importantly they are very patient. I feel like now I can focus on other parts of my business because I have confidence that Wainz World is taking care\u00a0of all my bookkeeping needs&#8221;<\/p>\n\t\t\t\t\t\t\t\t\t\t\t\t\t\t\t\t\t<p>Kimberly Leake<\/p>\n\t\t\t\t\t\t\t\t\t\t\t\t\t\t\t\t\t\t\t\t\t\t\t\t\t<h4>CEO &#8211; Rock Nair Gifts<\/h4>\n\t\t\t\t<!-- \/.pp-testimonials -->\n<h2>\n\t\tContact us\n\t<\/h2>\n                        <form method='post' enctype='multipart\/form-data' target='gform_ajax_frame_1' id='gform_1'  action='\/?fl_builder#gf_1' novalidate>\n                        <fieldset id=\"field_1_1\"   data-js-reload=\"field_1_1\"><legend class='gfield_label gfield_label_before_complex'>Name<\/legend>\n                                                    <input type='text' name='input_1.3' id='input_1_1_3' value='' tabindex='101'  aria-required='false'     \/>\n                                                    <label for='input_1_1_3'>First<\/label>\n                                                    <input type='text' name='input_1.6' id='input_1_1_6' value='' tabindex='103'  aria-required='false'     \/>\n                                                    <label for='input_1_1_6'>Last<\/label>\n                        <\/fieldset><label class='gfield_label' for='input_1_2'>Email<\/label>\n                            <input name='input_2' id='input_1_2' type='email' value='' class='large' tabindex='105'    aria-invalid=\"false\"  \/>\n                        <label class='gfield_label' for='input_1_3'>Phone<\/label><input name='input_3' id='input_1_3' type='tel' value='' class='large' tabindex='106'   aria-invalid=\"false\"   \/><label class='gfield_label' for='input_1_4'>Message<\/label><textarea name='input_4' id='input_1_4' class='textarea large' tabindex='107'     aria-invalid=\"false\"   rows='10' cols='50'><\/textarea>\n         <input type='submit' id='gform_submit_button_1' class='gform_button button' value='Submit' tabindex='108' onclick='if(window[\"gf_submitting_1\"]){return false;}  if( !jQuery(\"#gform_1\")[0].checkValidity || jQuery(\"#gform_1\")[0].checkValidity()){window[\"gf_submitting_1\"]=true;}  ' onkeypress='if( event.keyCode == 13 ){ if(window[\"gf_submitting_1\"]){return false;} if( !jQuery(\"#gform_1\")[0].checkValidity || jQuery(\"#gform_1\")[0].checkValidity()){window[\"gf_submitting_1\"]=true;}  jQuery(\"#gform_1\").trigger(\"submit\",[true]); }' \/> <input type='hidden' name='gform_ajax' value='form_id=1&amp;title=&amp;description=1&amp;tabindex=100' \/>\n            <input type='hidden' class='gform_hidden' name='is_submit_1' value='1' \/>\n            <input type='hidden' class='gform_hidden' name='gform_submit' value='1' \/>\n            <input type='hidden' class='gform_hidden' name='gform_unique_id' value='' \/>\n            <input type='hidden' class='gform_hidden' name='state_1' value='WyJbXSIsIjJmZWMzOTQ2NDEzOGQ1NDA5MjFmYzMzMDEyMjI5NWFiIl0=' \/>\n            <input type='hidden' class='gform_hidden' name='gform_target_page_number_1' id='gform_target_page_number_1' value='0' \/>\n            <input type='hidden' class='gform_hidden' name='gform_source_page_number_1' id='gform_source_page_number_1' value='1' \/>\n            <input type='hidden' name='gform_field_values' value='' \/>\n                        <\/form>\n                <iframe style='display:none;width:0px;height:0px;' src='about:blank' name='gform_ajax_frame_1' id='gform_ajax_frame_1' title='This iframe contains the logic required to handle Ajax powered Gravity Forms.'><\/iframe>\n\n","protected":false},"excerpt":{"rendered":"<p>Soluciones de contabilidad para peque\u00f1as empresas y contratistas independientes \"Wainz world es el servicio de contabilidad m\u00e1s incre\u00edble que existe. Jen y su equipo van m\u00e1s all\u00e1 para asegurarse de que las cosas se hacen correctamente y han sido un salvavidas en tiempos dif\u00edciles. Recomendar\u00eda Wainz World a cualquier persona con un peque\u00f1o negocio que est\u00e9 buscando la...<\/p>","protected":false},"author":2,"featured_media":0,"parent":0,"menu_order":0,"comment_status":"closed","ping_status":"closed","template":"","meta":{"inline_featured_image":false,"footnotes":""},"class_list":["post-12","page","type-page","status-publish","hentry"],"yoast_head":"<!-- This site is optimized with the Yoast SEO plugin v27.3 - https:\/\/yoast.com\/product\/yoast-seo-wordpress\/ -->\n<title>Home - Wainz World<\/title>\n<meta name=\"robots\" content=\"index, follow, max-snippet:-1, max-image-preview:large, max-video-preview:-1\" \/>\n<link rel=\"canonical\" href=\"https:\/\/wainzworld.com\/es\/\" \/>\n<meta property=\"og:locale\" content=\"es_ES\" \/>\n<meta property=\"og:type\" content=\"article\" \/>\n<meta property=\"og:title\" content=\"Home - Wainz World\" \/>\n<meta property=\"og:description\" content=\"Bookkeeping solutions for small businesses &#038; independent contractors &#8220;Wainz world is the most amazing bookkeeping service ever. Jen and her team go above and beyond to make sure things are done correctly and have been livesavers during tough times. I would recommend Wainz World to anyone with a small biz who is looking for the&hellip;\" \/>\n<meta property=\"og:url\" content=\"https:\/\/wainzworld.com\/es\/\" \/>\n<meta property=\"og:site_name\" content=\"Wainz World\" \/>\n<meta property=\"article:modified_time\" content=\"2022-08-16T20:13:46+00:00\" \/>\n<meta property=\"og:image\" content=\"https:\/\/wainzworld.com\/wp-content\/uploads\/2022\/08\/001-bookkeeping-1.png\" \/>\n<meta name=\"twitter:card\" content=\"summary_large_image\" \/>\n<meta name=\"twitter:label1\" content=\"Tiempo de lectura\" \/>\n\t<meta name=\"twitter:data1\" content=\"3 minutos\" \/>\n<script type=\"application\/ld+json\" class=\"yoast-schema-graph\">{\"@context\":\"https:\\\/\\\/schema.org\",\"@graph\":[{\"@type\":\"WebPage\",\"@id\":\"https:\\\/\\\/wainzworld.com\\\/\",\"url\":\"https:\\\/\\\/wainzworld.com\\\/\",\"name\":\"Home - Wainz World\",\"isPartOf\":{\"@id\":\"https:\\\/\\\/wainzworld.com\\\/#website\"},\"primaryImageOfPage\":{\"@id\":\"https:\\\/\\\/wainzworld.com\\\/#primaryimage\"},\"image\":{\"@id\":\"https:\\\/\\\/wainzworld.com\\\/#primaryimage\"},\"thumbnailUrl\":\"https:\\\/\\\/wainzworld.com\\\/wp-content\\\/uploads\\\/2022\\\/08\\\/001-bookkeeping-1.png\",\"datePublished\":\"2022-06-28T06:27:13+00:00\",\"dateModified\":\"2022-08-16T20:13:46+00:00\",\"breadcrumb\":{\"@id\":\"https:\\\/\\\/wainzworld.com\\\/#breadcrumb\"},\"inLanguage\":\"es\",\"potentialAction\":[{\"@type\":\"ReadAction\",\"target\":[\"https:\\\/\\\/wainzworld.com\\\/\"]}]},{\"@type\":\"ImageObject\",\"inLanguage\":\"es\",\"@id\":\"https:\\\/\\\/wainzworld.com\\\/#primaryimage\",\"url\":\"https:\\\/\\\/wainzworld.com\\\/wp-content\\\/uploads\\\/2022\\\/08\\\/001-bookkeeping-1.png\",\"contentUrl\":\"https:\\\/\\\/wainzworld.com\\\/wp-content\\\/uploads\\\/2022\\\/08\\\/001-bookkeeping-1.png\"},{\"@type\":\"BreadcrumbList\",\"@id\":\"https:\\\/\\\/wainzworld.com\\\/#breadcrumb\",\"itemListElement\":[{\"@type\":\"ListItem\",\"position\":1,\"name\":\"Home\",\"item\":\"https:\\\/\\\/wainzworld.com\\\/\"},{\"@type\":\"ListItem\",\"position\":2,\"name\":\"Home\"}]},{\"@type\":\"WebSite\",\"@id\":\"https:\\\/\\\/wainzworld.com\\\/#website\",\"url\":\"https:\\\/\\\/wainzworld.com\\\/\",\"name\":\"Wainz World\",\"description\":\"Bookkeeping solutions for SMB&#039;s &amp; Independent contractors\",\"potentialAction\":[{\"@type\":\"SearchAction\",\"target\":{\"@type\":\"EntryPoint\",\"urlTemplate\":\"https:\\\/\\\/wainzworld.com\\\/?s={search_term_string}\"},\"query-input\":{\"@type\":\"PropertyValueSpecification\",\"valueRequired\":true,\"valueName\":\"search_term_string\"}}],\"inLanguage\":\"es\"}]}<\/script>\n<!-- \/ Yoast SEO plugin. -->","yoast_head_json":{"title":"Inicio - Wainz World","robots":{"index":"index","follow":"follow","max-snippet":"max-snippet:-1","max-image-preview":"max-image-preview:large","max-video-preview":"max-video-preview:-1"},"canonical":"https:\/\/wainzworld.com\/es\/","og_locale":"es_ES","og_type":"article","og_title":"Home - Wainz World","og_description":"Bookkeeping solutions for small businesses &#038; independent contractors &#8220;Wainz world is the most amazing bookkeeping service ever. Jen and her team go above and beyond to make sure things are done correctly and have been livesavers during tough times. I would recommend Wainz World to anyone with a small biz who is looking for the&hellip;","og_url":"https:\/\/wainzworld.com\/es\/","og_site_name":"Wainz World","article_modified_time":"2022-08-16T20:13:46+00:00","og_image":[{"url":"https:\/\/wainzworld.com\/wp-content\/uploads\/2022\/08\/001-bookkeeping-1.png","type":"","width":"","height":""}],"twitter_card":"summary_large_image","twitter_misc":{"Tiempo de lectura":"3 minutos"},"schema":{"@context":"https:\/\/schema.org","@graph":[{"@type":"WebPage","@id":"https:\/\/wainzworld.com\/","url":"https:\/\/wainzworld.com\/","name":"Inicio - Wainz World","isPartOf":{"@id":"https:\/\/wainzworld.com\/#website"},"primaryImageOfPage":{"@id":"https:\/\/wainzworld.com\/#primaryimage"},"image":{"@id":"https:\/\/wainzworld.com\/#primaryimage"},"thumbnailUrl":"https:\/\/wainzworld.com\/wp-content\/uploads\/2022\/08\/001-bookkeeping-1.png","datePublished":"2022-06-28T06:27:13+00:00","dateModified":"2022-08-16T20:13:46+00:00","breadcrumb":{"@id":"https:\/\/wainzworld.com\/#breadcrumb"},"inLanguage":"es","potentialAction":[{"@type":"ReadAction","target":["https:\/\/wainzworld.com\/"]}]},{"@type":"ImageObject","inLanguage":"es","@id":"https:\/\/wainzworld.com\/#primaryimage","url":"https:\/\/wainzworld.com\/wp-content\/uploads\/2022\/08\/001-bookkeeping-1.png","contentUrl":"https:\/\/wainzworld.com\/wp-content\/uploads\/2022\/08\/001-bookkeeping-1.png"},{"@type":"BreadcrumbList","@id":"https:\/\/wainzworld.com\/#breadcrumb","itemListElement":[{"@type":"ListItem","position":1,"name":"Home","item":"https:\/\/wainzworld.com\/"},{"@type":"ListItem","position":2,"name":"Home"}]},{"@type":"WebSite","@id":"https:\/\/wainzworld.com\/#website","url":"https:\/\/wainzworld.com\/","name":"Mundo Wainz","description":"Soluciones de contabilidad para PYMES y aut\u00f3nomos","potentialAction":[{"@type":"SearchAction","target":{"@type":"EntryPoint","urlTemplate":"https:\/\/wainzworld.com\/?s={search_term_string}"},"query-input":{"@type":"PropertyValueSpecification","valueRequired":true,"valueName":"search_term_string"}}],"inLanguage":"es"}]}},"_links":{"self":[{"href":"https:\/\/wainzworld.com\/es\/wp-json\/wp\/v2\/pages\/12","targetHints":{"allow":["GET"]}}],"collection":[{"href":"https:\/\/wainzworld.com\/es\/wp-json\/wp\/v2\/pages"}],"about":[{"href":"https:\/\/wainzworld.com\/es\/wp-json\/wp\/v2\/types\/page"}],"author":[{"embeddable":true,"href":"https:\/\/wainzworld.com\/es\/wp-json\/wp\/v2\/users\/2"}],"replies":[{"embeddable":true,"href":"https:\/\/wainzworld.com\/es\/wp-json\/wp\/v2\/comments?post=12"}],"version-history":[{"count":12,"href":"https:\/\/wainzworld.com\/es\/wp-json\/wp\/v2\/pages\/12\/revisions"}],"predecessor-version":[{"id":236,"href":"https:\/\/wainzworld.com\/es\/wp-json\/wp\/v2\/pages\/12\/revisions\/236"}],"wp:attachment":[{"href":"https:\/\/wainzworld.com\/es\/wp-json\/wp\/v2\/media?parent=12"}],"curies":[{"name":"wp","href":"https:\/\/api.w.org\/{rel}","templated":true}]}}