{"id":17,"date":"2022-06-28T06:27:37","date_gmt":"2022-06-28T06:27:37","guid":{"rendered":"https:\/\/wainzworld.cyberoptik.co\/?page_id=17"},"modified":"2026-04-05T16:09:23","modified_gmt":"2026-04-05T16:09:23","slug":"services","status":"publish","type":"page","link":"https:\/\/wainzworld.com\/es\/services\/","title":{"rendered":"Servicios"},"content":{"rendered":"<h1>\n\t\t\tSimplifique su negocio. Fortalezca sus finanzas.\t<\/h1>\n\tRunning a business is already demanding-you shouldn&#8217;t be buried in receipts, invoices, and unanswered financial questions.\nWainz World delivers full-service financial support across <strong data-start=\"426\" data-end=\"483\">tenedur\u00eda de libros, declaraciones fiscales y servicios de CFO fraccional<\/strong>-giving you both the structure and strategy your business needs to grow.\nWe don&#8217;t just record transactions. We organize, reconcile, and translate your numbers into clear insights so you can make confident decisions. From accurate books and timely filings to cash flow planning and financial strategy, everything works together-no gaps, no missed deadlines.\nYou&#8217;ll work with real people who understand how businesses actually operate. We take the time to learn your goals, identify what&#8217;s working (and what&#8217;s not), and build a system that supports your growth.\n<strong data-start=\"1046\" data-end=\"1108\">Libros limpios. Estrategia clara. Supervisi\u00f3n financiera completa.<\/strong>\nThat&#8217;s how you get your time back-and your business moving forward.\n<p>Recibir\u00e1 orientaci\u00f3n financiera experta y apoyo de personas reales que entienden la organizaci\u00f3n que requiere un negocio para tener \u00e9xito. Trabajaremos con usted para entender sus objetivos empresariales y adaptar nuestros servicios para satisfacer sus necesidades espec\u00edficas, y podemos darle la tranquilidad de saber que sus registros financieros est\u00e1n en orden.<\/p>\n\t<a href=\"https:\/\/wainzworld.com\/es\/contact-us\/\" target=\"_self\" role=\"button\" aria-label=\"Empezar a trabajar\">\n\t\t\t\t\t\tEmpezar a trabajar\n\t\t\t\t\t<\/a>\n<figure itemscope itemtype=\"https:\/\/schema.org\/ImageObject\">\n\t\t\t\t<img decoding=\"async\" src=\"https:\/\/wainzworld.com\/wp-content\/uploads\/2022\/08\/Amigos-Working-from-Home.svg\" alt=\"Amigos - Working from Home\" height=\"1630\" width=\"2249\" title=\"Amigos - Trabajar desde casa\" onerror=\"this.style.display='none'\" loading=\"lazy\" \/>\n\t<\/figure>\n<figure data-animation-delay=\"0\" data-animation-duration=\"1\" itemscope itemtype=\"https:\/\/schema.org\/ImageObject\">\n\t\t\t\t<img decoding=\"async\" src=\"https:\/\/wainzworld.com\/wp-content\/uploads\/2022\/08\/001-bookkeeping-1.png\" alt=\"001-bookkeeping\" height=\"128\" width=\"128\" title=\"001-contabilidad\" onerror=\"this.style.display='none'\" loading=\"lazy\" \/>\n\t<\/figure>\n<h2>\n\t\t\tContabilidad\t<\/h2>\n\t<p>Preciso. Organizado. Al d\u00eda.<\/p>\n<ul>\n<li>Conciliaciones mensuales<\/li>\n<li>Seguimiento de transacciones en todas las plataformas<\/li>\n<li>Finanzas limpias en las que puede confiar<\/li>\n<li>Informes listos cuando los necesite<\/li>\n<\/ul>\n<p>Sin l\u00edos. Sin estr\u00e9s por ponerse al d\u00eda.<\/p>\n<figure data-animation-delay=\"0\" data-animation-duration=\"1\" itemscope itemtype=\"https:\/\/schema.org\/ImageObject\">\n\t\t\t\t<img decoding=\"async\" src=\"https:\/\/wainzworld.com\/wp-content\/uploads\/2022\/08\/003-test-1.png\" alt=\"003-test\" height=\"128\" width=\"128\" title=\"003-prueba\" onerror=\"this.style.display='none'\" loading=\"lazy\" \/>\n\t<\/figure>\n<h2>\n\t\t\tTax Filings &#038; Compliance\t<\/h2>\n\t<p>Manejado. A tiempo. Sin sorpresas.<\/p>\n<ul>\n<li>Declaraciones fiscales de empresas y particulares<\/li>\n<li>Registros multiestatales<\/li>\n<li>Planificaci\u00f3n y coordinaci\u00f3n durante todo el a\u00f1o<\/li>\n<\/ul>\n<p>We don&#8217;t just file-we keep you prepared.<\/p>\n<figure data-animation-delay=\"0\" data-animation-duration=\"1\" itemscope itemtype=\"https:\/\/schema.org\/ImageObject\">\n\t\t\t\t<img decoding=\"async\" src=\"https:\/\/wainzworld.com\/wp-content\/uploads\/2022\/08\/002-growth-1.png\" alt=\"002-growth\" height=\"256\" width=\"256\" title=\"002-crecimiento\" onerror=\"this.style.display='none'\" loading=\"lazy\" \/>\n\t<\/figure>\n<h2>\n\t\t\tServicios de CFO fraccional\t<\/h2>\n\t<p>Estrategia que hace avanzar a su empresa.<\/p>\n<ul>\n<li>Gesti\u00f3n y previsi\u00f3n de tesorer\u00eda<\/li>\n<li>Presupuestos y planificaci\u00f3n financiera<\/li>\n<li>An\u00e1lisis de rentabilidad<\/li>\n<li>Apoyo a la toma de decisiones (contrataci\u00f3n, fijaci\u00f3n de precios, crecimiento)<\/li>\n<\/ul>\n<p>Aqu\u00ed es donde tus n\u00fameros empiezan a trabajar para ti.<\/p>\n<figure itemscope itemtype=\"https:\/\/schema.org\/ImageObject\">\n\t\t\t\t<img decoding=\"async\" src=\"https:\/\/wainzworld.com\/wp-content\/uploads\/2022\/08\/Amigos-Presentation-1.svg\" alt=\"Amigos - Presentation (1)\" height=\"1467\" width=\"2208\" title=\"Amigos - Presentaci\u00f3n (1)\" onerror=\"this.style.display='none'\" loading=\"lazy\" \/>\n\t<\/figure>\n<h2>\n\t\t\tEXPERTOS FINANCIEROS DEDICADOS QUE OFRECEN APOYO 1:1\t<\/h2>\n\t<p>Si no est\u00e1 seguro de qu\u00e9 servicios necesita, o si tiene alguna pregunta, no dude en ponerse en contacto con nosotros. Nuestro equipo de expertos financieros trabajar\u00e1 con usted para establecer un sistema que se adapte a su negocio y le proporcionar\u00e1 un apoyo constante.<\/p>\n<h2>\n\t\t\t\u00bfListo para empezar?\t<\/h2>\n\tTome el control de las finanzas de su empresa.<br \/>\nUtilice Wainz World para mejorar su negocio\n\t<a href=\"https:\/\/wainzworld.com\/es\/contact-us\/\" target=\"_self\" role=\"button\" aria-label=\"Empezar a trabajar\">\n\t\t\t\t\t\tEmpezar a trabajar\n\t\t\t\t\t<\/a>","protected":false},"excerpt":{"rendered":"<p>Simplify Your Business. Strengthen Your Finances. Running a business is already demanding-you shouldn&#8217;t be buried in receipts, invoices, and unanswered financial questions. Wainz World delivers full-service financial support across bookkeeping, tax filings, and fractional CFO services-giving you both the structure and strategy your business needs to grow. We don&#8217;t just record transactions. We organize, reconcile,&hellip;<\/p>","protected":false},"author":2,"featured_media":0,"parent":0,"menu_order":0,"comment_status":"closed","ping_status":"closed","template":"","meta":{"inline_featured_image":false,"footnotes":""},"class_list":["post-17","page","type-page","status-publish","hentry"],"yoast_head":"<!-- This site is optimized with the Yoast SEO plugin v27.3 - https:\/\/yoast.com\/product\/yoast-seo-wordpress\/ -->\n<title>Financial Services: Bookkeeping &amp; Project Management - Wainz World<\/title>\n<meta name=\"description\" content=\"Wainz World offers expert finance services and advice for business owners. Learn more about our finance and business solutions today.\" \/>\n<meta name=\"robots\" content=\"index, follow, max-snippet:-1, max-image-preview:large, max-video-preview:-1\" \/>\n<link rel=\"canonical\" href=\"https:\/\/wainzworld.com\/es\/services\/\" \/>\n<meta property=\"og:locale\" content=\"es_ES\" \/>\n<meta property=\"og:type\" content=\"article\" \/>\n<meta property=\"og:title\" content=\"Financial Services: Bookkeeping &amp; Project Management - Wainz World\" \/>\n<meta property=\"og:description\" content=\"Wainz World offers expert finance services and advice for business owners. Learn more about our finance and business solutions today.\" \/>\n<meta property=\"og:url\" content=\"https:\/\/wainzworld.com\/es\/services\/\" \/>\n<meta property=\"og:site_name\" content=\"Wainz World\" \/>\n<meta property=\"article:modified_time\" content=\"2026-04-05T16:09:23+00:00\" \/>\n<meta property=\"og:image\" content=\"https:\/\/wainzworld.com\/wp-content\/uploads\/2022\/08\/Amigos-Working-from-Home.svg\" \/>\n<meta name=\"twitter:card\" content=\"summary_large_image\" \/>\n<meta name=\"twitter:label1\" content=\"Tiempo de lectura\" \/>\n\t<meta name=\"twitter:data1\" content=\"3 minutos\" \/>\n<script type=\"application\/ld+json\" class=\"yoast-schema-graph\">{\"@context\":\"https:\\\/\\\/schema.org\",\"@graph\":[{\"@type\":\"WebPage\",\"@id\":\"https:\\\/\\\/wainzworld.com\\\/services\\\/\",\"url\":\"https:\\\/\\\/wainzworld.com\\\/services\\\/\",\"name\":\"Financial Services: Bookkeeping & Project Management - Wainz World\",\"isPartOf\":{\"@id\":\"https:\\\/\\\/wainzworld.com\\\/#website\"},\"primaryImageOfPage\":{\"@id\":\"https:\\\/\\\/wainzworld.com\\\/services\\\/#primaryimage\"},\"image\":{\"@id\":\"https:\\\/\\\/wainzworld.com\\\/services\\\/#primaryimage\"},\"thumbnailUrl\":\"https:\\\/\\\/wainzworld.com\\\/wp-content\\\/uploads\\\/2022\\\/08\\\/Amigos-Working-from-Home.svg\",\"datePublished\":\"2022-06-28T06:27:37+00:00\",\"dateModified\":\"2026-04-05T16:09:23+00:00\",\"description\":\"Wainz World offers expert finance services and advice for business owners. Learn more about our finance and business solutions today.\",\"breadcrumb\":{\"@id\":\"https:\\\/\\\/wainzworld.com\\\/services\\\/#breadcrumb\"},\"inLanguage\":\"es\",\"potentialAction\":[{\"@type\":\"ReadAction\",\"target\":[\"https:\\\/\\\/wainzworld.com\\\/services\\\/\"]}]},{\"@type\":\"ImageObject\",\"inLanguage\":\"es\",\"@id\":\"https:\\\/\\\/wainzworld.com\\\/services\\\/#primaryimage\",\"url\":\"https:\\\/\\\/wainzworld.com\\\/wp-content\\\/uploads\\\/2022\\\/08\\\/Amigos-Working-from-Home.svg\",\"contentUrl\":\"https:\\\/\\\/wainzworld.com\\\/wp-content\\\/uploads\\\/2022\\\/08\\\/Amigos-Working-from-Home.svg\"},{\"@type\":\"BreadcrumbList\",\"@id\":\"https:\\\/\\\/wainzworld.com\\\/services\\\/#breadcrumb\",\"itemListElement\":[{\"@type\":\"ListItem\",\"position\":1,\"name\":\"Home\",\"item\":\"https:\\\/\\\/wainzworld.com\\\/\"},{\"@type\":\"ListItem\",\"position\":2,\"name\":\"Services\"}]},{\"@type\":\"WebSite\",\"@id\":\"https:\\\/\\\/wainzworld.com\\\/#website\",\"url\":\"https:\\\/\\\/wainzworld.com\\\/\",\"name\":\"Wainz World\",\"description\":\"Bookkeeping solutions for SMB&#039;s &amp; Independent contractors\",\"potentialAction\":[{\"@type\":\"SearchAction\",\"target\":{\"@type\":\"EntryPoint\",\"urlTemplate\":\"https:\\\/\\\/wainzworld.com\\\/?s={search_term_string}\"},\"query-input\":{\"@type\":\"PropertyValueSpecification\",\"valueRequired\":true,\"valueName\":\"search_term_string\"}}],\"inLanguage\":\"es\"}]}<\/script>\n<!-- \/ Yoast SEO plugin. -->","yoast_head_json":{"title":"Servicios Financieros: Contabilidad y gesti\u00f3n de proyectos - Wainz World","description":"Wainz World ofrece servicios financieros expertos y asesoramiento para empresarios. Obtenga m\u00e1s informaci\u00f3n sobre nuestras soluciones financieras y empresariales hoy mismo.","robots":{"index":"index","follow":"follow","max-snippet":"max-snippet:-1","max-image-preview":"max-image-preview:large","max-video-preview":"max-video-preview:-1"},"canonical":"https:\/\/wainzworld.com\/es\/services\/","og_locale":"es_ES","og_type":"article","og_title":"Financial Services: Bookkeeping & Project Management - Wainz World","og_description":"Wainz World offers expert finance services and advice for business owners. Learn more about our finance and business solutions today.","og_url":"https:\/\/wainzworld.com\/es\/services\/","og_site_name":"Wainz World","article_modified_time":"2026-04-05T16:09:23+00:00","og_image":[{"url":"https:\/\/wainzworld.com\/wp-content\/uploads\/2022\/08\/Amigos-Working-from-Home.svg","type":"","width":"","height":""}],"twitter_card":"summary_large_image","twitter_misc":{"Tiempo de lectura":"3 minutos"},"schema":{"@context":"https:\/\/schema.org","@graph":[{"@type":"WebPage","@id":"https:\/\/wainzworld.com\/services\/","url":"https:\/\/wainzworld.com\/services\/","name":"Servicios Financieros: Contabilidad y gesti\u00f3n de proyectos - Wainz World","isPartOf":{"@id":"https:\/\/wainzworld.com\/#website"},"primaryImageOfPage":{"@id":"https:\/\/wainzworld.com\/services\/#primaryimage"},"image":{"@id":"https:\/\/wainzworld.com\/services\/#primaryimage"},"thumbnailUrl":"https:\/\/wainzworld.com\/wp-content\/uploads\/2022\/08\/Amigos-Working-from-Home.svg","datePublished":"2022-06-28T06:27:37+00:00","dateModified":"2026-04-05T16:09:23+00:00","description":"Wainz World ofrece servicios financieros expertos y asesoramiento para empresarios. Obtenga m\u00e1s informaci\u00f3n sobre nuestras soluciones financieras y empresariales hoy mismo.","breadcrumb":{"@id":"https:\/\/wainzworld.com\/services\/#breadcrumb"},"inLanguage":"es","potentialAction":[{"@type":"ReadAction","target":["https:\/\/wainzworld.com\/services\/"]}]},{"@type":"ImageObject","inLanguage":"es","@id":"https:\/\/wainzworld.com\/services\/#primaryimage","url":"https:\/\/wainzworld.com\/wp-content\/uploads\/2022\/08\/Amigos-Working-from-Home.svg","contentUrl":"https:\/\/wainzworld.com\/wp-content\/uploads\/2022\/08\/Amigos-Working-from-Home.svg"},{"@type":"BreadcrumbList","@id":"https:\/\/wainzworld.com\/services\/#breadcrumb","itemListElement":[{"@type":"ListItem","position":1,"name":"Home","item":"https:\/\/wainzworld.com\/"},{"@type":"ListItem","position":2,"name":"Services"}]},{"@type":"WebSite","@id":"https:\/\/wainzworld.com\/#website","url":"https:\/\/wainzworld.com\/","name":"Mundo Wainz","description":"Soluciones de contabilidad para PYMES y aut\u00f3nomos","potentialAction":[{"@type":"SearchAction","target":{"@type":"EntryPoint","urlTemplate":"https:\/\/wainzworld.com\/?s={search_term_string}"},"query-input":{"@type":"PropertyValueSpecification","valueRequired":true,"valueName":"search_term_string"}}],"inLanguage":"es"}]}},"_links":{"self":[{"href":"https:\/\/wainzworld.com\/es\/wp-json\/wp\/v2\/pages\/17","targetHints":{"allow":["GET"]}}],"collection":[{"href":"https:\/\/wainzworld.com\/es\/wp-json\/wp\/v2\/pages"}],"about":[{"href":"https:\/\/wainzworld.com\/es\/wp-json\/wp\/v2\/types\/page"}],"author":[{"embeddable":true,"href":"https:\/\/wainzworld.com\/es\/wp-json\/wp\/v2\/users\/2"}],"replies":[{"embeddable":true,"href":"https:\/\/wainzworld.com\/es\/wp-json\/wp\/v2\/comments?post=17"}],"version-history":[{"count":12,"href":"https:\/\/wainzworld.com\/es\/wp-json\/wp\/v2\/pages\/17\/revisions"}],"predecessor-version":[{"id":362,"href":"https:\/\/wainzworld.com\/es\/wp-json\/wp\/v2\/pages\/17\/revisions\/362"}],"wp:attachment":[{"href":"https:\/\/wainzworld.com\/es\/wp-json\/wp\/v2\/media?parent=17"}],"curies":[{"name":"wp","href":"https:\/\/api.w.org\/{rel}","templated":true}]}}