{"id":19,"date":"2022-06-28T06:27:48","date_gmt":"2022-06-28T06:27:48","guid":{"rendered":"https:\/\/wainzworld.cyberoptik.co\/?page_id=19"},"modified":"2022-09-02T17:55:32","modified_gmt":"2022-09-02T17:55:32","slug":"faqs","status":"publish","type":"page","link":"https:\/\/wainzworld.com\/es\/faqs\/","title":{"rendered":"Preguntas frecuentes"},"content":{"rendered":"<h2>\n\t\tPreguntas frecuentes\n\t<\/h2>\n\t\t\t\t\t\u00bfPor qu\u00e9 necesito un bookkeper?\t\t\t\t\n\t\t\t\t\t<p>Hoy en d\u00eda, tomar una clase en l\u00ednea o ver un v\u00eddeo de \"c\u00f3mo hacerlo\" puede crear la ilusi\u00f3n de ser un experto. Puede que seamos capaces de comprobar nuestro aceite, pero sabemos que un mec\u00e1nico certificado es el m\u00e1s adecuado para cambiar nuestro aceite y hacer nuestro mantenimiento regular. Puede que usted sea capaz de realizar gran parte de la gesti\u00f3n financiera diaria de su negocio, pero un contable profesional es un experto, capaz de garantizar que est\u00e9 bien posicionado a la hora de pagar los impuestos. Wainz World tambi\u00e9n puede ayudarle con cosas como la maximizaci\u00f3n de las deducciones, la declaraci\u00f3n de los impuestos estatales sobre las ventas y la gesti\u00f3n del inventario.<\/p>\n\t\t\t\t\t\u00bfCon qu\u00e9 frecuencia debo hacer mis libros?\t\t\t\t\n\t\t\t\t\t<p>Como muchas cosas, depende. En Wainz World, trabajamos con muchos clientes mensualmente, pero tambi\u00e9n tenemos otros que s\u00f3lo los necesitan trimestralmente o anualmente en el momento de los impuestos. Podemos ir y venir seg\u00fan las necesidades de su situaci\u00f3n espec\u00edfica.<\/p>\n\t\t\t\t\t\u00bfCu\u00e1nto cuesta la contabilidad?\t\t\t\t\n\t\t\t\t\t<p>Una vez que haya rellenado el cuestionario para clientes, podremos ofrecerle un presupuesto. Se basa en una serie de factores, y estaremos encantados de desglosar las diferentes opciones que le convengan.<\/p>\n\t\t\t\t\t\u00bfSeguir\u00e9 necesitando un contable?\t\t\t\t\n\t\t\t\t\t<p>En muchos casos, s\u00ed. No se preocupe. Podemos ayudarle a encontrar el contable adecuado para sus necesidades espec\u00edficas. Trabajamos con muchos profesionales de la contabilidad y estamos aqu\u00ed para ayudarle.<\/p>\n\t\t\t\t\t\u00bfNecesito un contable si tengo un contable? \u00bfCu\u00e1l es la diferencia entre ambos?\t\t\t\t\n\t\t\t\t\t<p>En contra de la creencia popular, los contables y los tenedores de libros realizan tareas muy diferentes para las empresas a las que prestan servicio. Los contables son responsables del mantenimiento continuo de los libros mayores de sus clientes. Las responsabilidades habituales de un contable consisten en:<\/p>\n<p>- Recopilaci\u00f3n diaria de datos<br \/>- Clasificaci\u00f3n de los gastos en el libro mayor<br \/>- Revisar la exactitud del libro mayor<br \/>- Conciliaci\u00f3n de los extractos bancarios con el libro mayor<br \/>- Generaci\u00f3n de estados financieros<br \/>- Los contables utilizan el libro mayor preciso y actualizado que lleva el contable para prestar servicios de asesoramiento, como:<br \/>- An\u00e1lisis de los datos financieros de la empresa, Preparaci\u00f3n de las declaraciones de la renta, Asesoramiento en la planificaci\u00f3n fiscal<\/p>\n\t\t\t\t\t\u00bfNo deber\u00eda mi contable ser local?\t\t\t\t\n\t\t\t\t\t<p>Las peque\u00f1as empresas ya no necesitan trabajar con un contable local. Internet y la tecnolog\u00eda en la nube facilitan a los contables el acceso seguro a los libros de sus clientes en cualquier momento y lugar. Los propietarios de negocios ahora pueden seleccionar un contador que realmente entiende su industria y las operaciones, en lugar de contratar el contador local de la comunidad por defecto. Los contables de Wainz World prestan servicio en todas las zonas horarias de Estados Unidos y son f\u00e1cilmente accesibles.<\/p>\n\t\t\t\t\t\u00bfHace usted el pago de facturas?\t\t\t\t\n\t\t\t\t\t<p>S\u00ed, el pago de facturas es uno de los muchos servicios que ofrece Wainz World.<\/p>\n\t\t\t\t\t\u00bfAyuda a la facturaci\u00f3n?\t\t\t\t\n\t\t\t\t\t<p>Wainz World puede ayudarle a gestionar su proceso de conciliaci\u00f3n de facturas y el seguimiento de sus ingresos. No enviamos las facturas a sus clientes en su nombre, pero podemos configurarle para que realice la facturaci\u00f3n electr\u00f3nica por su cuenta.<\/p>\n\t\t\t\t\t\u00bfSe encarga del impuesto sobre las ventas?\t\t\t\t\n\t\t\t\t\t<p>Wainz World puede ayudarle a hacer un seguimiento de los impuestos sobre las ventas que recauda para que est\u00e9 preparado para presentar e informar en los momentos adecuados.<\/p>\n\t\t\t\t\t\u00bfHace usted las n\u00f3minas?\t\t\t\t\n\t\t\t\t\t<p>S\u00ed, Wainz World puede configurar un sistema de n\u00f3minas en la nube que se conecte con su software de contabilidad. Nos aseguraremos de que los detalles de cada n\u00f3mina se contabilicen en sus registros financieros y se concilien con su extracto bancario.<\/p>\n\t\t\t\t\t\u00bfDebo limpiar mis libros antes de entregarlos a Wainz World?\t\t\t\t\n\t\t\t\t\t<p>No, incluiremos la limpieza para usted como parte de nuestro presupuesto de trabajo. Su equipo de especialistas financieros de Wainz World configurar\u00e1 su libro mayor espec\u00edfico del sector en la soluci\u00f3n de contabilidad en la nube que mejor se adapte a sus necesidades.<\/p>\n<h2>\n\t\t\u00bfListo para empezar?\n\t<\/h2>\n\tTome el control de las finanzas de su empresa.<br \/>\nUtilice Wainz World para mejorar su negocio\n\t<a href=\"https:\/\/wainzworld.com\/es\/contact-us\/\" target=\"_self\" role=\"button\" aria-label=\"Empezar a trabajar\" rel=\"noopener\">\n\t\t\t\t\t\tEmpezar a trabajar\n\t\t\t\t\t<\/a>","protected":false},"excerpt":{"rendered":"<p>FAQs \u00bfPor qu\u00e9 necesito un bookkeper? Hoy en d\u00eda, tomar una clase en l\u00ednea o ver un video de \"c\u00f3mo hacerlo\" puede crear la ilusi\u00f3n de ser un experto. Puede que seamos capaces de comprobar nuestro aceite, pero sabemos que un mec\u00e1nico certificado es el m\u00e1s adecuado para cambiar nuestro aceite y hacer nuestro mantenimiento regular. Es posible que...<\/p>","protected":false},"author":2,"featured_media":0,"parent":0,"menu_order":0,"comment_status":"closed","ping_status":"closed","template":"","meta":{"inline_featured_image":false,"footnotes":""},"class_list":["post-19","page","type-page","status-publish","hentry"],"yoast_head":"<!-- This site is optimized with the Yoast SEO plugin v27.3 - https:\/\/yoast.com\/product\/yoast-seo-wordpress\/ -->\n<title>FAQs - Wainz World<\/title>\n<meta name=\"robots\" content=\"index, follow, max-snippet:-1, max-image-preview:large, max-video-preview:-1\" \/>\n<link rel=\"canonical\" href=\"https:\/\/wainzworld.com\/es\/faqs\/\" \/>\n<meta property=\"og:locale\" content=\"es_ES\" \/>\n<meta property=\"og:type\" content=\"article\" \/>\n<meta property=\"og:title\" content=\"FAQs - Wainz World\" \/>\n<meta property=\"og:description\" content=\"FAQs Why do I need a bookkeper? These days, taking an online class or watching a &#8220;how-to&#8221; video can create the illusion of being an expert. We might be able to check our oil, but we know a certified mechanic is best suited to change our oil and do our regular maintenance. You might be&hellip;\" \/>\n<meta property=\"og:url\" content=\"https:\/\/wainzworld.com\/es\/faqs\/\" \/>\n<meta property=\"og:site_name\" content=\"Wainz World\" \/>\n<meta property=\"article:modified_time\" content=\"2022-09-02T17:55:32+00:00\" \/>\n<meta name=\"twitter:card\" content=\"summary_large_image\" \/>\n<meta name=\"twitter:label1\" content=\"Tiempo de lectura\" \/>\n\t<meta name=\"twitter:data1\" content=\"2 minutos\" \/>\n<script type=\"application\/ld+json\" class=\"yoast-schema-graph\">{\"@context\":\"https:\\\/\\\/schema.org\",\"@graph\":[{\"@type\":\"WebPage\",\"@id\":\"https:\\\/\\\/wainzworld.com\\\/faqs\\\/\",\"url\":\"https:\\\/\\\/wainzworld.com\\\/faqs\\\/\",\"name\":\"FAQs - Wainz World\",\"isPartOf\":{\"@id\":\"https:\\\/\\\/wainzworld.com\\\/#website\"},\"datePublished\":\"2022-06-28T06:27:48+00:00\",\"dateModified\":\"2022-09-02T17:55:32+00:00\",\"breadcrumb\":{\"@id\":\"https:\\\/\\\/wainzworld.com\\\/faqs\\\/#breadcrumb\"},\"inLanguage\":\"es\",\"potentialAction\":[{\"@type\":\"ReadAction\",\"target\":[\"https:\\\/\\\/wainzworld.com\\\/faqs\\\/\"]}]},{\"@type\":\"BreadcrumbList\",\"@id\":\"https:\\\/\\\/wainzworld.com\\\/faqs\\\/#breadcrumb\",\"itemListElement\":[{\"@type\":\"ListItem\",\"position\":1,\"name\":\"Home\",\"item\":\"https:\\\/\\\/wainzworld.com\\\/\"},{\"@type\":\"ListItem\",\"position\":2,\"name\":\"FAQs\"}]},{\"@type\":\"WebSite\",\"@id\":\"https:\\\/\\\/wainzworld.com\\\/#website\",\"url\":\"https:\\\/\\\/wainzworld.com\\\/\",\"name\":\"Wainz World\",\"description\":\"Bookkeeping solutions for SMB&#039;s &amp; Independent contractors\",\"potentialAction\":[{\"@type\":\"SearchAction\",\"target\":{\"@type\":\"EntryPoint\",\"urlTemplate\":\"https:\\\/\\\/wainzworld.com\\\/?s={search_term_string}\"},\"query-input\":{\"@type\":\"PropertyValueSpecification\",\"valueRequired\":true,\"valueName\":\"search_term_string\"}}],\"inLanguage\":\"es\"}]}<\/script>\n<!-- \/ Yoast SEO plugin. -->","yoast_head_json":{"title":"FAQs - Wainz World","robots":{"index":"index","follow":"follow","max-snippet":"max-snippet:-1","max-image-preview":"max-image-preview:large","max-video-preview":"max-video-preview:-1"},"canonical":"https:\/\/wainzworld.com\/es\/faqs\/","og_locale":"es_ES","og_type":"article","og_title":"FAQs - Wainz World","og_description":"FAQs Why do I need a bookkeper? These days, taking an online class or watching a &#8220;how-to&#8221; video can create the illusion of being an expert. We might be able to check our oil, but we know a certified mechanic is best suited to change our oil and do our regular maintenance. You might be&hellip;","og_url":"https:\/\/wainzworld.com\/es\/faqs\/","og_site_name":"Wainz World","article_modified_time":"2022-09-02T17:55:32+00:00","twitter_card":"summary_large_image","twitter_misc":{"Tiempo de lectura":"2 minutos"},"schema":{"@context":"https:\/\/schema.org","@graph":[{"@type":"WebPage","@id":"https:\/\/wainzworld.com\/faqs\/","url":"https:\/\/wainzworld.com\/faqs\/","name":"FAQs - Wainz World","isPartOf":{"@id":"https:\/\/wainzworld.com\/#website"},"datePublished":"2022-06-28T06:27:48+00:00","dateModified":"2022-09-02T17:55:32+00:00","breadcrumb":{"@id":"https:\/\/wainzworld.com\/faqs\/#breadcrumb"},"inLanguage":"es","potentialAction":[{"@type":"ReadAction","target":["https:\/\/wainzworld.com\/faqs\/"]}]},{"@type":"BreadcrumbList","@id":"https:\/\/wainzworld.com\/faqs\/#breadcrumb","itemListElement":[{"@type":"ListItem","position":1,"name":"Home","item":"https:\/\/wainzworld.com\/"},{"@type":"ListItem","position":2,"name":"FAQs"}]},{"@type":"WebSite","@id":"https:\/\/wainzworld.com\/#website","url":"https:\/\/wainzworld.com\/","name":"Mundo Wainz","description":"Soluciones de contabilidad para PYMES y aut\u00f3nomos","potentialAction":[{"@type":"SearchAction","target":{"@type":"EntryPoint","urlTemplate":"https:\/\/wainzworld.com\/?s={search_term_string}"},"query-input":{"@type":"PropertyValueSpecification","valueRequired":true,"valueName":"search_term_string"}}],"inLanguage":"es"}]}},"_links":{"self":[{"href":"https:\/\/wainzworld.com\/es\/wp-json\/wp\/v2\/pages\/19","targetHints":{"allow":["GET"]}}],"collection":[{"href":"https:\/\/wainzworld.com\/es\/wp-json\/wp\/v2\/pages"}],"about":[{"href":"https:\/\/wainzworld.com\/es\/wp-json\/wp\/v2\/types\/page"}],"author":[{"embeddable":true,"href":"https:\/\/wainzworld.com\/es\/wp-json\/wp\/v2\/users\/2"}],"replies":[{"embeddable":true,"href":"https:\/\/wainzworld.com\/es\/wp-json\/wp\/v2\/comments?post=19"}],"version-history":[{"count":9,"href":"https:\/\/wainzworld.com\/es\/wp-json\/wp\/v2\/pages\/19\/revisions"}],"predecessor-version":[{"id":334,"href":"https:\/\/wainzworld.com\/es\/wp-json\/wp\/v2\/pages\/19\/revisions\/334"}],"wp:attachment":[{"href":"https:\/\/wainzworld.com\/es\/wp-json\/wp\/v2\/media?parent=19"}],"curies":[{"name":"wp","href":"https:\/\/api.w.org\/{rel}","templated":true}]}}