{"id":245,"date":"2022-08-23T20:34:34","date_gmt":"2022-08-23T20:34:34","guid":{"rendered":"https:\/\/wainzworld.com\/?page_id=245"},"modified":"2026-04-06T13:41:59","modified_gmt":"2026-04-06T13:41:59","slug":"how-we-work","status":"publish","type":"page","link":"https:\/\/wainzworld.com\/es\/how-we-work\/","title":{"rendered":"C\u00f3mo trabajamos"},"content":{"rendered":"<h1>\n\t\t\tC\u00f3mo trabajamos\t<\/h1>\n\tWainz World helps business owners get organized, stay compliant, and actually understand their finances. We build clean, reliable systems so you know where your money is, where it&#8217;s going, and what to do next.\nNo chaos. No guessing. Just clear numbers and solid direction.\n\t<a href=\"https:\/\/wainzworld.com\/es\/contact-us\/\" target=\"_self\" role=\"button\" aria-label=\"Empezar a trabajar\">\n\t\t\t\t\t\tEmpezar a trabajar\n\t\t\t\t\t<\/a>\n<figure itemscope itemtype=\"https:\/\/schema.org\/ImageObject\">\n\t\t\t\t<img decoding=\"async\" src=\"https:\/\/wainzworld.com\/wp-content\/uploads\/2022\/08\/Amigos-Presentation-1.svg\" alt=\"Amigos - Presentation (1)\" height=\"1467\" width=\"2208\" title=\"Amigos - Presentaci\u00f3n (1)\" onerror=\"this.style.display='none'\" loading=\"lazy\" \/>\n\t<\/figure>\n<h2>\n\t\t\tHaga crecer su negocio con una empresa de confianza\t<\/h2>\n\t<p>Ll\u00e1menos o env\u00edenos un correo electr\u00f3nico para solicitar un presupuesto. Nuestros servicios se basan en lo que usted necesita y est\u00e1 haciendo. De esta manera usted no paga por servicios que no est\u00e1 utilizando o no necesita. <\/p>\n\t\t<h2>\n\t\t\tQu\u00e9 hacemos\n\t\t<\/h2>\n\t\t\n\t\t\t<ul><li data-section-id=\"5kyftc\" data-start=\"457\" data-end=\"506\"><p><strong data-start=\"459\" data-end=\"474\">Contabilidad<\/strong> &#8211; Clean, accurate, up-to-date<\/p><\/li><li data-section-id=\"14yjhb0\" data-start=\"507\" data-end=\"559\"><strong data-start=\"509\" data-end=\"516\">Impuesto<\/strong> &#8211; Planned, filed, handled (no surprises)<\/li><li data-section-id=\"sam1lv\" data-start=\"560\" data-end=\"627\"><strong data-start=\"562\" data-end=\"580\">CFO fraccionado<\/strong> &#8211; Strategy, cash flow, real decision support<\/li><\/ul>\t\t\n<h2>\n\t\t\t\u00a1Conozca al equipo!\t<\/h2>\n<lottie-player src=\"https:\/\/wainzworld.com\/wp-content\/uploads\/2022\/08\/JEN.json\"  background=\"transparent\"  speed=\"1\"    autoplay loop mode=\"bounce\"><\/lottie-player> \n<lottie-player src=\"https:\/\/wainzworld.com\/wp-content\/uploads\/2022\/08\/nancy_new.json\"  background=\"transparent\"  speed=\"1\"    autoplay loop mode=\"bounce\"><\/lottie-player> \n<lottie-player src=\"https:\/\/wainzworld.com\/wp-content\/uploads\/2022\/08\/LmjPqc3G6N.json\"  background=\"transparent\"  speed=\"1\"    autoplay loop mode=\"bounce\"><\/lottie-player> \n<figure id=\"hover-image\" itemscope itemtype=\"https:\/\/schema.org\/ImageObject\">\n\t\t\t\t<img decoding=\"async\" src=\"https:\/\/wainzworld.com\/wp-content\/uploads\/2022\/08\/3-removebg-preview.png\" alt=\"3-removebg-preview\" height=\"500\" width=\"500\" title=\"3-removebg-preview\" onerror=\"this.style.display='none'\" loading=\"lazy\" \/>\n\t<\/figure>\n\t\t<h3>\n\t\t\tJen Wainz\n\t\t<\/h3>\n\t\t\t<p>Propietario<\/p>\t\t\n<figure id=\"hover-image\" itemscope itemtype=\"https:\/\/schema.org\/ImageObject\">\n\t\t\t\t<img decoding=\"async\" src=\"https:\/\/wainzworld.com\/wp-content\/uploads\/2022\/08\/2-removebg-preview.png\" alt=\"2-removebg-preview\" height=\"500\" width=\"500\" title=\"2-removebg-preview\" onerror=\"this.style.display='none'\" loading=\"lazy\" \/>\n\t<\/figure>\n\t\t<h3>\n\t\t\tNancy Wilson\n\t\t<\/h3>\n\t\t\t<p>Contable<\/p>\t\t\n<figure id=\"hover-image\" itemscope itemtype=\"https:\/\/schema.org\/ImageObject\">\n\t\t\t\t<img decoding=\"async\" src=\"https:\/\/wainzworld.com\/wp-content\/uploads\/2022\/08\/1-removebg-preview.png\" alt=\"1-removebg-preview\" height=\"500\" width=\"500\" title=\"1-removebg-preview\" onerror=\"this.style.display='none'\" loading=\"lazy\" \/>\n\t<\/figure>\n\t\t<h3>\n\t\t\tJean Jackson\n\t\t<\/h3>\n\t\t\t<p>Contable<\/p>\t\t\n<h2>\n\t\t\t\u00bfPor qu\u00e9 Wainz World?\t<\/h2>\n\t<p>Jen Wainz, propietaria y CEO, es una preparadora de impuestos con licencia del IRS a trav\u00e9s de CTEC. Antes de iniciar Wainz World, Jen trabaj\u00f3 en el mundo de las artes creativas, especializ\u00e1ndose en la iluminaci\u00f3n de sets de filmaci\u00f3n. Ella descubri\u00f3 que ten\u00eda tanto una pasi\u00f3n como un talento trabajando en el lado del negocio de los proyectos, incluyendo el desarrollo de controles de inventario, la creaci\u00f3n de presupuestos, el crecimiento de las ventas y el seguimiento de los ingresos.<\/p>\n<p>&nbsp;<\/p>\n<p>Gracias a su trabajo en el mundo creativo, Jen entiende c\u00f3mo funcionan los plat\u00f3s de cine, c\u00f3mo se financian y c\u00f3mo deben ser los presupuestos. La combinaci\u00f3n \u00fanica de habilidades, experiencia y personalidad de Jen le permite entender r\u00e1pidamente el negocio de un cliente, encontrar soluciones creativas a los retos y ofrecer resultados que superen las expectativas.<\/p>\n<p>&nbsp;<\/p>\n<p>Jen forma a todos los empleados para que compartan su gran atenci\u00f3n al detalle, su minuciosidad y su dedicaci\u00f3n a encontrar las mejores soluciones fiscales posibles para los clientes. Con Jen y nuestro equipo de contables, Nancy y Jean, somos capaces de conocer a nuestros clientes donde se encuentran desde el punto de vista de los negocios, y tanto consultarlos como educarlos en su viaje financiero.<\/p>\n<h2>\n\t\t\t\u00bfListo para empezar?\t<\/h2>\n\tTome el control de las finanzas de su empresa.<br \/>\nUtilice Wainz World para mejorar su negocio.\n\t<a href=\"https:\/\/wainzworld.com\/es\/contact-us\/\" target=\"_self\" role=\"button\" aria-label=\"Empezar a trabajar\">\n\t\t\t\t\t\tEmpezar a trabajar\n\t\t\t\t\t<\/a>","protected":false},"excerpt":{"rendered":"<p>How We Work Wainz World helps business owners get organized, stay compliant, and actually understand their finances. We build clean, reliable systems so you know where your money is, where it&#8217;s going, and what to do next. No chaos. No guessing. Just clear numbers and solid direction. Get Started Grow your business with a firm&hellip;<\/p>","protected":false},"author":5,"featured_media":0,"parent":0,"menu_order":0,"comment_status":"closed","ping_status":"closed","template":"","meta":{"inline_featured_image":false,"footnotes":""},"class_list":["post-245","page","type-page","status-publish","hentry"],"yoast_head":"<!-- This site is optimized with the Yoast SEO plugin v27.4 - https:\/\/yoast.com\/product\/yoast-seo-wordpress\/ -->\n<title>How we work - Wainz World<\/title>\n<meta name=\"robots\" content=\"index, follow, max-snippet:-1, max-image-preview:large, max-video-preview:-1\" \/>\n<link rel=\"canonical\" href=\"https:\/\/wainzworld.com\/es\/how-we-work\/\" \/>\n<meta property=\"og:locale\" content=\"es_ES\" \/>\n<meta property=\"og:type\" content=\"article\" \/>\n<meta property=\"og:title\" content=\"How we work - Wainz World\" \/>\n<meta property=\"og:description\" content=\"How We Work Wainz World helps business owners get organized, stay compliant, and actually understand their finances. We build clean, reliable systems so you know where your money is, where it&#8217;s going, and what to do next. No chaos. No guessing. Just clear numbers and solid direction. Get Started Grow your business with a firm&hellip;\" \/>\n<meta property=\"og:url\" content=\"https:\/\/wainzworld.com\/es\/how-we-work\/\" \/>\n<meta property=\"og:site_name\" content=\"Wainz World\" \/>\n<meta property=\"article:modified_time\" content=\"2026-04-06T13:41:59+00:00\" \/>\n<meta property=\"og:image\" content=\"https:\/\/wainzworld.com\/wp-content\/uploads\/2022\/08\/Amigos-Presentation-1.svg\" \/>\n<meta name=\"twitter:card\" content=\"summary_large_image\" \/>\n<meta name=\"twitter:label1\" content=\"Tiempo de lectura\" \/>\n\t<meta name=\"twitter:data1\" content=\"3 minutos\" \/>\n<script type=\"application\/ld+json\" class=\"yoast-schema-graph\">{\"@context\":\"https:\\\/\\\/schema.org\",\"@graph\":[{\"@type\":\"WebPage\",\"@id\":\"https:\\\/\\\/wainzworld.com\\\/how-we-work\\\/\",\"url\":\"https:\\\/\\\/wainzworld.com\\\/how-we-work\\\/\",\"name\":\"How we work - Wainz World\",\"isPartOf\":{\"@id\":\"https:\\\/\\\/wainzworld.com\\\/#website\"},\"primaryImageOfPage\":{\"@id\":\"https:\\\/\\\/wainzworld.com\\\/how-we-work\\\/#primaryimage\"},\"image\":{\"@id\":\"https:\\\/\\\/wainzworld.com\\\/how-we-work\\\/#primaryimage\"},\"thumbnailUrl\":\"https:\\\/\\\/wainzworld.com\\\/wp-content\\\/uploads\\\/2022\\\/08\\\/Amigos-Presentation-1.svg\",\"datePublished\":\"2022-08-23T20:34:34+00:00\",\"dateModified\":\"2026-04-06T13:41:59+00:00\",\"breadcrumb\":{\"@id\":\"https:\\\/\\\/wainzworld.com\\\/how-we-work\\\/#breadcrumb\"},\"inLanguage\":\"es\",\"potentialAction\":[{\"@type\":\"ReadAction\",\"target\":[\"https:\\\/\\\/wainzworld.com\\\/how-we-work\\\/\"]}]},{\"@type\":\"ImageObject\",\"inLanguage\":\"es\",\"@id\":\"https:\\\/\\\/wainzworld.com\\\/how-we-work\\\/#primaryimage\",\"url\":\"https:\\\/\\\/wainzworld.com\\\/wp-content\\\/uploads\\\/2022\\\/08\\\/Amigos-Presentation-1.svg\",\"contentUrl\":\"https:\\\/\\\/wainzworld.com\\\/wp-content\\\/uploads\\\/2022\\\/08\\\/Amigos-Presentation-1.svg\"},{\"@type\":\"BreadcrumbList\",\"@id\":\"https:\\\/\\\/wainzworld.com\\\/how-we-work\\\/#breadcrumb\",\"itemListElement\":[{\"@type\":\"ListItem\",\"position\":1,\"name\":\"Home\",\"item\":\"https:\\\/\\\/wainzworld.com\\\/\"},{\"@type\":\"ListItem\",\"position\":2,\"name\":\"How we work\"}]},{\"@type\":\"WebSite\",\"@id\":\"https:\\\/\\\/wainzworld.com\\\/#website\",\"url\":\"https:\\\/\\\/wainzworld.com\\\/\",\"name\":\"Wainz World\",\"description\":\"Bookkeeping solutions for SMB&#039;s &amp; Independent contractors\",\"potentialAction\":[{\"@type\":\"SearchAction\",\"target\":{\"@type\":\"EntryPoint\",\"urlTemplate\":\"https:\\\/\\\/wainzworld.com\\\/?s={search_term_string}\"},\"query-input\":{\"@type\":\"PropertyValueSpecification\",\"valueRequired\":true,\"valueName\":\"search_term_string\"}}],\"inLanguage\":\"es\"}]}<\/script>\n<!-- \/ Yoast SEO plugin. -->","yoast_head_json":{"title":"C\u00f3mo trabajamos - Wainz World","robots":{"index":"index","follow":"follow","max-snippet":"max-snippet:-1","max-image-preview":"max-image-preview:large","max-video-preview":"max-video-preview:-1"},"canonical":"https:\/\/wainzworld.com\/es\/how-we-work\/","og_locale":"es_ES","og_type":"article","og_title":"How we work - Wainz World","og_description":"How We Work Wainz World helps business owners get organized, stay compliant, and actually understand their finances. We build clean, reliable systems so you know where your money is, where it&#8217;s going, and what to do next. No chaos. No guessing. Just clear numbers and solid direction. Get Started Grow your business with a firm&hellip;","og_url":"https:\/\/wainzworld.com\/es\/how-we-work\/","og_site_name":"Wainz World","article_modified_time":"2026-04-06T13:41:59+00:00","og_image":[{"url":"https:\/\/wainzworld.com\/wp-content\/uploads\/2022\/08\/Amigos-Presentation-1.svg","type":"","width":"","height":""}],"twitter_card":"summary_large_image","twitter_misc":{"Tiempo de lectura":"3 minutos"},"schema":{"@context":"https:\/\/schema.org","@graph":[{"@type":"WebPage","@id":"https:\/\/wainzworld.com\/how-we-work\/","url":"https:\/\/wainzworld.com\/how-we-work\/","name":"C\u00f3mo trabajamos - Wainz World","isPartOf":{"@id":"https:\/\/wainzworld.com\/#website"},"primaryImageOfPage":{"@id":"https:\/\/wainzworld.com\/how-we-work\/#primaryimage"},"image":{"@id":"https:\/\/wainzworld.com\/how-we-work\/#primaryimage"},"thumbnailUrl":"https:\/\/wainzworld.com\/wp-content\/uploads\/2022\/08\/Amigos-Presentation-1.svg","datePublished":"2022-08-23T20:34:34+00:00","dateModified":"2026-04-06T13:41:59+00:00","breadcrumb":{"@id":"https:\/\/wainzworld.com\/how-we-work\/#breadcrumb"},"inLanguage":"es","potentialAction":[{"@type":"ReadAction","target":["https:\/\/wainzworld.com\/how-we-work\/"]}]},{"@type":"ImageObject","inLanguage":"es","@id":"https:\/\/wainzworld.com\/how-we-work\/#primaryimage","url":"https:\/\/wainzworld.com\/wp-content\/uploads\/2022\/08\/Amigos-Presentation-1.svg","contentUrl":"https:\/\/wainzworld.com\/wp-content\/uploads\/2022\/08\/Amigos-Presentation-1.svg"},{"@type":"BreadcrumbList","@id":"https:\/\/wainzworld.com\/how-we-work\/#breadcrumb","itemListElement":[{"@type":"ListItem","position":1,"name":"Home","item":"https:\/\/wainzworld.com\/"},{"@type":"ListItem","position":2,"name":"How we work"}]},{"@type":"WebSite","@id":"https:\/\/wainzworld.com\/#website","url":"https:\/\/wainzworld.com\/","name":"Mundo Wainz","description":"Soluciones de contabilidad para PYMES y aut\u00f3nomos","potentialAction":[{"@type":"SearchAction","target":{"@type":"EntryPoint","urlTemplate":"https:\/\/wainzworld.com\/?s={search_term_string}"},"query-input":{"@type":"PropertyValueSpecification","valueRequired":true,"valueName":"search_term_string"}}],"inLanguage":"es"}]}},"_links":{"self":[{"href":"https:\/\/wainzworld.com\/es\/wp-json\/wp\/v2\/pages\/245","targetHints":{"allow":["GET"]}}],"collection":[{"href":"https:\/\/wainzworld.com\/es\/wp-json\/wp\/v2\/pages"}],"about":[{"href":"https:\/\/wainzworld.com\/es\/wp-json\/wp\/v2\/types\/page"}],"author":[{"embeddable":true,"href":"https:\/\/wainzworld.com\/es\/wp-json\/wp\/v2\/users\/5"}],"replies":[{"embeddable":true,"href":"https:\/\/wainzworld.com\/es\/wp-json\/wp\/v2\/comments?post=245"}],"version-history":[{"count":15,"href":"https:\/\/wainzworld.com\/es\/wp-json\/wp\/v2\/pages\/245\/revisions"}],"predecessor-version":[{"id":364,"href":"https:\/\/wainzworld.com\/es\/wp-json\/wp\/v2\/pages\/245\/revisions\/364"}],"wp:attachment":[{"href":"https:\/\/wainzworld.com\/es\/wp-json\/wp\/v2\/media?parent=245"}],"curies":[{"name":"wp","href":"https:\/\/api.w.org\/{rel}","templated":true}]}}