{"id":342,"date":"2025-01-15T03:06:03","date_gmt":"2025-01-15T03:06:03","guid":{"rendered":"https:\/\/wainzworld.com\/?page_id=342"},"modified":"2025-01-15T03:08:57","modified_gmt":"2025-01-15T03:08:57","slug":"cookie-policy","status":"publish","type":"page","link":"https:\/\/wainzworld.com\/es\/cookie-policy\/","title":{"rendered":"Pol\u00edtica de cookies:"},"content":{"rendered":"Por favor, espere mientras se carga la pol\u00edtica. Si no se carga, por favor <a rel=\"nofollow\" href=\"https:\/\/app.termageddon.com\/api\/policy\/Y2pWTWNqa3lZazFTYmpKaFJYYzlQUT09?h-align=left&amp;no-title=true&amp;table-style=accordion\" target=\"_blank\" aria-label=\"Ver pol\u00edtica\">haga clic aqu\u00ed para consultar la pol\u00edtica<\/a>.\n\n\n\n<p><\/p>","protected":false},"excerpt":{"rendered":"<p>Espere a que se cargue la pol\u00edtica. Si no se carga, haga clic aqu\u00ed para ver la pol\u00edtica.<\/p>","protected":false},"author":4,"featured_media":0,"parent":0,"menu_order":0,"comment_status":"closed","ping_status":"closed","template":"","meta":{"inline_featured_image":false,"footnotes":""},"class_list":["post-342","page","type-page","status-publish","hentry"],"yoast_head":"<!-- This site is optimized with the Yoast SEO plugin v27.5 - https:\/\/yoast.com\/product\/yoast-seo-wordpress\/ -->\n<title>Cookie Policy: - Wainz World<\/title>\n<meta name=\"robots\" content=\"index, follow, max-snippet:-1, max-image-preview:large, max-video-preview:-1\" \/>\n<link rel=\"canonical\" href=\"https:\/\/wainzworld.com\/es\/cookie-policy\/\" \/>\n<meta property=\"og:locale\" content=\"es_ES\" \/>\n<meta property=\"og:type\" content=\"article\" \/>\n<meta property=\"og:title\" content=\"Cookie Policy: - Wainz World\" \/>\n<meta property=\"og:description\" content=\"Please wait while the policy is loaded. If it does not load, please click here to view the policy.\" \/>\n<meta property=\"og:url\" content=\"https:\/\/wainzworld.com\/es\/cookie-policy\/\" \/>\n<meta property=\"og:site_name\" content=\"Wainz World\" \/>\n<meta property=\"article:modified_time\" content=\"2025-01-15T03:08:57+00:00\" \/>\n<meta name=\"twitter:card\" content=\"summary_large_image\" \/>\n<meta name=\"twitter:label1\" content=\"Tiempo de lectura\" \/>\n\t<meta name=\"twitter:data1\" content=\"1 minuto\" \/>\n<script type=\"application\/ld+json\" class=\"yoast-schema-graph\">{\"@context\":\"https:\\\/\\\/schema.org\",\"@graph\":[{\"@type\":\"WebPage\",\"@id\":\"https:\\\/\\\/wainzworld.com\\\/cookie-policy\\\/\",\"url\":\"https:\\\/\\\/wainzworld.com\\\/cookie-policy\\\/\",\"name\":\"Cookie Policy: - Wainz World\",\"isPartOf\":{\"@id\":\"https:\\\/\\\/wainzworld.com\\\/#website\"},\"datePublished\":\"2025-01-15T03:06:03+00:00\",\"dateModified\":\"2025-01-15T03:08:57+00:00\",\"breadcrumb\":{\"@id\":\"https:\\\/\\\/wainzworld.com\\\/cookie-policy\\\/#breadcrumb\"},\"inLanguage\":\"es\",\"potentialAction\":[{\"@type\":\"ReadAction\",\"target\":[\"https:\\\/\\\/wainzworld.com\\\/cookie-policy\\\/\"]}]},{\"@type\":\"BreadcrumbList\",\"@id\":\"https:\\\/\\\/wainzworld.com\\\/cookie-policy\\\/#breadcrumb\",\"itemListElement\":[{\"@type\":\"ListItem\",\"position\":1,\"name\":\"Home\",\"item\":\"https:\\\/\\\/wainzworld.com\\\/\"},{\"@type\":\"ListItem\",\"position\":2,\"name\":\"Cookie Policy:\"}]},{\"@type\":\"WebSite\",\"@id\":\"https:\\\/\\\/wainzworld.com\\\/#website\",\"url\":\"https:\\\/\\\/wainzworld.com\\\/\",\"name\":\"Wainz World\",\"description\":\"Bookkeeping solutions for SMB&#039;s &amp; Independent contractors\",\"potentialAction\":[{\"@type\":\"SearchAction\",\"target\":{\"@type\":\"EntryPoint\",\"urlTemplate\":\"https:\\\/\\\/wainzworld.com\\\/?s={search_term_string}\"},\"query-input\":{\"@type\":\"PropertyValueSpecification\",\"valueRequired\":true,\"valueName\":\"search_term_string\"}}],\"inLanguage\":\"es\"}]}<\/script>\n<!-- \/ Yoast SEO plugin. -->","yoast_head_json":{"title":"Pol\u00edtica de cookies: - Wainz World","robots":{"index":"index","follow":"follow","max-snippet":"max-snippet:-1","max-image-preview":"max-image-preview:large","max-video-preview":"max-video-preview:-1"},"canonical":"https:\/\/wainzworld.com\/es\/cookie-policy\/","og_locale":"es_ES","og_type":"article","og_title":"Cookie Policy: - Wainz World","og_description":"Please wait while the policy is loaded. If it does not load, please click here to view the policy.","og_url":"https:\/\/wainzworld.com\/es\/cookie-policy\/","og_site_name":"Wainz World","article_modified_time":"2025-01-15T03:08:57+00:00","twitter_card":"summary_large_image","twitter_misc":{"Tiempo de lectura":"1 minuto"},"schema":{"@context":"https:\/\/schema.org","@graph":[{"@type":"WebPage","@id":"https:\/\/wainzworld.com\/cookie-policy\/","url":"https:\/\/wainzworld.com\/cookie-policy\/","name":"Pol\u00edtica de cookies: - Wainz World","isPartOf":{"@id":"https:\/\/wainzworld.com\/#website"},"datePublished":"2025-01-15T03:06:03+00:00","dateModified":"2025-01-15T03:08:57+00:00","breadcrumb":{"@id":"https:\/\/wainzworld.com\/cookie-policy\/#breadcrumb"},"inLanguage":"es","potentialAction":[{"@type":"ReadAction","target":["https:\/\/wainzworld.com\/cookie-policy\/"]}]},{"@type":"BreadcrumbList","@id":"https:\/\/wainzworld.com\/cookie-policy\/#breadcrumb","itemListElement":[{"@type":"ListItem","position":1,"name":"Home","item":"https:\/\/wainzworld.com\/"},{"@type":"ListItem","position":2,"name":"Cookie Policy:"}]},{"@type":"WebSite","@id":"https:\/\/wainzworld.com\/#website","url":"https:\/\/wainzworld.com\/","name":"Mundo Wainz","description":"Soluciones de contabilidad para PYMES y aut\u00f3nomos","potentialAction":[{"@type":"SearchAction","target":{"@type":"EntryPoint","urlTemplate":"https:\/\/wainzworld.com\/?s={search_term_string}"},"query-input":{"@type":"PropertyValueSpecification","valueRequired":true,"valueName":"search_term_string"}}],"inLanguage":"es"}]}},"_links":{"self":[{"href":"https:\/\/wainzworld.com\/es\/wp-json\/wp\/v2\/pages\/342","targetHints":{"allow":["GET"]}}],"collection":[{"href":"https:\/\/wainzworld.com\/es\/wp-json\/wp\/v2\/pages"}],"about":[{"href":"https:\/\/wainzworld.com\/es\/wp-json\/wp\/v2\/types\/page"}],"author":[{"embeddable":true,"href":"https:\/\/wainzworld.com\/es\/wp-json\/wp\/v2\/users\/4"}],"replies":[{"embeddable":true,"href":"https:\/\/wainzworld.com\/es\/wp-json\/wp\/v2\/comments?post=342"}],"version-history":[{"count":3,"href":"https:\/\/wainzworld.com\/es\/wp-json\/wp\/v2\/pages\/342\/revisions"}],"predecessor-version":[{"id":347,"href":"https:\/\/wainzworld.com\/es\/wp-json\/wp\/v2\/pages\/342\/revisions\/347"}],"wp:attachment":[{"href":"https:\/\/wainzworld.com\/es\/wp-json\/wp\/v2\/media?parent=342"}],"curies":[{"name":"wp","href":"https:\/\/api.w.org\/{rel}","templated":true}]}}